{"id":1059,"date":"2018-05-11T14:05:41","date_gmt":"2018-05-11T12:05:41","guid":{"rendered":"https:\/\/framex.pl\/akcesoria\/"},"modified":"2018-10-15T10:35:10","modified_gmt":"2018-10-15T08:35:10","slug":"accessories","status":"publish","type":"page","link":"https:\/\/www.framex.pl\/en\/accessories\/","title":{"rendered":"Accessories"},"content":{"rendered":"","protected":false},"excerpt":{"rendered":"","protected":false},"author":3,"featured_media":0,"parent":0,"menu_order":0,"comment_status":"closed","ping_status":"closed","template":"page-from-blocks.php","meta":{"_acf_changed":false,"inline_featured_image":false,"footnotes":""},"acf":[],"yoast_head":"<!-- This site is optimized with the Yoast SEO plugin v23.0 - https:\/\/yoast.com\/wordpress\/plugins\/seo\/ -->\n<title>Accessories &#171; Framex<\/title>\n<meta name=\"description\" content=\"Okna PCV i Drzwi prosto od \u27a8 Producenta \u27a8 bez po\u015brednik\u00f3w! Produkcjemy i montujemy okna od 26 lat. Um\u00f3w wycen\u0119 i pomiar \u260e +48 91 469 14 66. Jeste\u015bmy liderem w woj. zachodniopomorskim.\" \/>\n<meta name=\"robots\" content=\"index, follow, max-snippet:-1, max-image-preview:large, max-video-preview:-1\" \/>\n<link rel=\"canonical\" href=\"https:\/\/www.framex.pl\/en\/accessories\/\" \/>\n<meta property=\"og:locale\" content=\"en_US\" \/>\n<meta property=\"og:type\" content=\"article\" \/>\n<meta property=\"og:title\" content=\"Accessories &#171; Framex\" \/>\n<meta property=\"og:description\" content=\"Okna PCV i Drzwi prosto od \u27a8 Producenta \u27a8 bez po\u015brednik\u00f3w! Produkcjemy i montujemy okna od 26 lat. Um\u00f3w wycen\u0119 i pomiar \u260e +48 91 469 14 66. Jeste\u015bmy liderem w woj. zachodniopomorskim.\" \/>\n<meta property=\"og:url\" content=\"https:\/\/www.framex.pl\/en\/accessories\/\" \/>\n<meta property=\"og:site_name\" content=\"Framex\" \/>\n<meta property=\"article:modified_time\" content=\"2018-10-15T08:35:10+00:00\" \/>\n<meta property=\"og:image\" content=\"https:\/\/www.framex.pl\/wp-content\/uploads\/2026\/01\/Framex-2026-FB-Cover.png\" \/>\n\t<meta property=\"og:image:width\" content=\"1640\" \/>\n\t<meta property=\"og:image:height\" content=\"720\" \/>\n\t<meta property=\"og:image:type\" content=\"image\/png\" \/>\n<meta name=\"twitter:card\" content=\"summary_large_image\" \/>\n<script type=\"application\/ld+json\" class=\"yoast-schema-graph\">{\"@context\":\"https:\/\/schema.org\",\"@graph\":[{\"@type\":\"WebPage\",\"@id\":\"https:\/\/www.framex.pl\/en\/accessories\/\",\"url\":\"https:\/\/www.framex.pl\/en\/accessories\/\",\"name\":\"Accessories &#171; Framex\",\"isPartOf\":{\"@id\":\"https:\/\/www.framex.pl\/#website\"},\"datePublished\":\"2018-05-11T12:05:41+00:00\",\"dateModified\":\"2018-10-15T08:35:10+00:00\",\"description\":\"Okna PCV i Drzwi prosto od \u27a8 Producenta \u27a8 bez po\u015brednik\u00f3w! Produkcjemy i montujemy okna od 26 lat. Um\u00f3w wycen\u0119 i pomiar \u260e +48 91 469 14 66. Jeste\u015bmy liderem w woj. zachodniopomorskim.\",\"breadcrumb\":{\"@id\":\"https:\/\/www.framex.pl\/en\/accessories\/#breadcrumb\"},\"inLanguage\":\"en-US\",\"potentialAction\":[{\"@type\":\"ReadAction\",\"target\":[\"https:\/\/www.framex.pl\/en\/accessories\/\"]}]},{\"@type\":\"BreadcrumbList\",\"@id\":\"https:\/\/www.framex.pl\/en\/accessories\/#breadcrumb\",\"itemListElement\":[{\"@type\":\"ListItem\",\"position\":1,\"name\":\"Strona G\u0142\u00f3wna\",\"item\":\"https:\/\/www.framex.pl\/en\/\"},{\"@type\":\"ListItem\",\"position\":2,\"name\":\"Accessories\"}]},{\"@type\":\"WebSite\",\"@id\":\"https:\/\/www.framex.pl\/#website\",\"url\":\"https:\/\/www.framex.pl\/\",\"name\":\"Framex\",\"description\":\"Okna i Drzwi z PCV oraz Aluminium prosto od Producenta - bez po\u015brednik\u00f3w! Zajmujemy si\u0119 produkcj\u0105 i monta\u017cem okien od 26 lat. Jeste\u015bmy liderem w woj. zachodniopomorskim.  W ofercie znajdziesz wysokiej klasy okna PCV PCW z fachow\u0105 us\u0142ug\u0105 monta\u017cu. Sprawd\u017a nasz\u0105 ofert\u0119. Salony sprzeda\u017cy w Szczecinie, Stargardzie i Morzyczynie. Przyjd\u017a i sprawd\u017a.\",\"publisher\":{\"@id\":\"https:\/\/www.framex.pl\/#organization\"},\"inLanguage\":\"en-US\"},{\"@type\":\"Organization\",\"@id\":\"https:\/\/www.framex.pl\/#organization\",\"name\":\"Framex Producent Okien\",\"url\":\"https:\/\/www.framex.pl\/\",\"logo\":{\"@type\":\"ImageObject\",\"inLanguage\":\"en-US\",\"@id\":\"https:\/\/www.framex.pl\/#\/schema\/logo\/image\/\",\"url\":\"https:\/\/www.framex.pl\/wp-content\/uploads\/2026\/01\/Framex-2026-FB-logo-v3.png\",\"contentUrl\":\"https:\/\/www.framex.pl\/wp-content\/uploads\/2026\/01\/Framex-2026-FB-logo-v3.png\",\"width\":1080,\"height\":1080,\"caption\":\"Framex Producent Okien\"},\"image\":{\"@id\":\"https:\/\/www.framex.pl\/#\/schema\/logo\/image\/\"}}]}<\/script>\n<!-- \/ Yoast SEO plugin. -->","yoast_head_json":{"title":"Accessories &#171; Framex","description":"Okna PCV i Drzwi prosto od \u27a8 Producenta \u27a8 bez po\u015brednik\u00f3w! Produkcjemy i montujemy okna od 26 lat. Um\u00f3w wycen\u0119 i pomiar \u260e +48 91 469 14 66. Jeste\u015bmy liderem w woj. zachodniopomorskim.","robots":{"index":"index","follow":"follow","max-snippet":"max-snippet:-1","max-image-preview":"max-image-preview:large","max-video-preview":"max-video-preview:-1"},"canonical":"https:\/\/www.framex.pl\/en\/accessories\/","og_locale":"en_US","og_type":"article","og_title":"Accessories &#171; Framex","og_description":"Okna PCV i Drzwi prosto od \u27a8 Producenta \u27a8 bez po\u015brednik\u00f3w! Produkcjemy i montujemy okna od 26 lat. Um\u00f3w wycen\u0119 i pomiar \u260e +48 91 469 14 66. Jeste\u015bmy liderem w woj. zachodniopomorskim.","og_url":"https:\/\/www.framex.pl\/en\/accessories\/","og_site_name":"Framex","article_modified_time":"2018-10-15T08:35:10+00:00","og_image":[{"width":1640,"height":720,"url":"https:\/\/www.framex.pl\/wp-content\/uploads\/2026\/01\/Framex-2026-FB-Cover.png","type":"image\/png"}],"twitter_card":"summary_large_image","schema":{"@context":"https:\/\/schema.org","@graph":[{"@type":"WebPage","@id":"https:\/\/www.framex.pl\/en\/accessories\/","url":"https:\/\/www.framex.pl\/en\/accessories\/","name":"Accessories &#171; Framex","isPartOf":{"@id":"https:\/\/www.framex.pl\/#website"},"datePublished":"2018-05-11T12:05:41+00:00","dateModified":"2018-10-15T08:35:10+00:00","description":"Okna PCV i Drzwi prosto od \u27a8 Producenta \u27a8 bez po\u015brednik\u00f3w! Produkcjemy i montujemy okna od 26 lat. Um\u00f3w wycen\u0119 i pomiar \u260e +48 91 469 14 66. Jeste\u015bmy liderem w woj. zachodniopomorskim.","breadcrumb":{"@id":"https:\/\/www.framex.pl\/en\/accessories\/#breadcrumb"},"inLanguage":"en-US","potentialAction":[{"@type":"ReadAction","target":["https:\/\/www.framex.pl\/en\/accessories\/"]}]},{"@type":"BreadcrumbList","@id":"https:\/\/www.framex.pl\/en\/accessories\/#breadcrumb","itemListElement":[{"@type":"ListItem","position":1,"name":"Strona G\u0142\u00f3wna","item":"https:\/\/www.framex.pl\/en\/"},{"@type":"ListItem","position":2,"name":"Accessories"}]},{"@type":"WebSite","@id":"https:\/\/www.framex.pl\/#website","url":"https:\/\/www.framex.pl\/","name":"Framex","description":"Okna i Drzwi z PCV oraz Aluminium prosto od Producenta - bez po\u015brednik\u00f3w! Zajmujemy si\u0119 produkcj\u0105 i monta\u017cem okien od 26 lat. Jeste\u015bmy liderem w woj. zachodniopomorskim.  W ofercie znajdziesz wysokiej klasy okna PCV PCW z fachow\u0105 us\u0142ug\u0105 monta\u017cu. Sprawd\u017a nasz\u0105 ofert\u0119. Salony sprzeda\u017cy w Szczecinie, Stargardzie i Morzyczynie. Przyjd\u017a i sprawd\u017a.","publisher":{"@id":"https:\/\/www.framex.pl\/#organization"},"inLanguage":"en-US"},{"@type":"Organization","@id":"https:\/\/www.framex.pl\/#organization","name":"Framex Producent Okien","url":"https:\/\/www.framex.pl\/","logo":{"@type":"ImageObject","inLanguage":"en-US","@id":"https:\/\/www.framex.pl\/#\/schema\/logo\/image\/","url":"https:\/\/www.framex.pl\/wp-content\/uploads\/2026\/01\/Framex-2026-FB-logo-v3.png","contentUrl":"https:\/\/www.framex.pl\/wp-content\/uploads\/2026\/01\/Framex-2026-FB-logo-v3.png","width":1080,"height":1080,"caption":"Framex Producent Okien"},"image":{"@id":"https:\/\/www.framex.pl\/#\/schema\/logo\/image\/"}}]}},"_links":{"self":[{"href":"https:\/\/www.framex.pl\/en\/wp-json\/wp\/v2\/pages\/1059"}],"collection":[{"href":"https:\/\/www.framex.pl\/en\/wp-json\/wp\/v2\/pages"}],"about":[{"href":"https:\/\/www.framex.pl\/en\/wp-json\/wp\/v2\/types\/page"}],"author":[{"embeddable":true,"href":"https:\/\/www.framex.pl\/en\/wp-json\/wp\/v2\/users\/3"}],"replies":[{"embeddable":true,"href":"https:\/\/www.framex.pl\/en\/wp-json\/wp\/v2\/comments?post=1059"}],"version-history":[{"count":0,"href":"https:\/\/www.framex.pl\/en\/wp-json\/wp\/v2\/pages\/1059\/revisions"}],"wp:attachment":[{"href":"https:\/\/www.framex.pl\/en\/wp-json\/wp\/v2\/media?parent=1059"}],"curies":[{"name":"wp","href":"https:\/\/api.w.org\/{rel}","templated":true}]}}