{"id":1509,"date":"2018-02-19T10:20:25","date_gmt":"2018-02-19T09:20:25","guid":{"rendered":"https:\/\/framex.pl\/strona-glowna\/"},"modified":"2026-02-13T10:23:30","modified_gmt":"2026-02-13T09:23:30","slug":"strona-glowna","status":"publish","type":"page","link":"https:\/\/www.framex.pl\/de\/","title":{"rendered":"die Fenster und die T\u00fcren Stettin &#8211; 26 Jahre Erfahrung"},"content":{"rendered":"<p>To jest przyk\u0142adowa strona. Strony s\u0105 inne ni\u017c wpisy na blogu, poniewa\u017c nie tylko znajduj\u0105 si\u0119 zawsze w jednym miejscu, ale tak\u017ce pojawiaj\u0105 si\u0119 w menu witryny (w wi\u0119kszo\u015bci motyw\u00f3w). Wi\u0119kszo\u015b\u0107 u\u017cytkownik\u00f3w umieszcza na swoich witrynach stron\u0119 z informacjami o sobie, dzi\u0119ki kt\u00f3rym przedstawiaj\u0105 si\u0119 odwiedzaj\u0105cym ich witryn\u0119. Taka strona mo\u017ce zawiera\u0107 na przyk\u0142ad taki tekst:<\/p>\n<blockquote><p>Cze\u015b\u0107! Za dnia jestem go\u0144cem, a noc\u0105 pr\u00f3buj\u0119 swoich si\u0142 w aktorstwie. To jest moja witryna. Mieszkam w Los Angeles, mam wspania\u0142ego psa, kt\u00f3ry wabi si\u0119 Jack i lubi\u0119 pi\u00f1a colad\u0119 (a tak\u017ce spacery, gdy pada deszcz).<\/p><\/blockquote>\n<p>&#8230; lub taki:<\/p>\n<blockquote><p>Firma Wihajstry XYZ zosta\u0142a za\u0142o\u017cona w 1971 roku i od pocz\u0105tku swojego istnienia zajmuje si\u0119 produkcj\u0105 najlepszych wihajstr\u00f3w. W naszej siedzibie w Gotham City pracuje ponad 2000 os\u00f3b, kt\u00f3re zajmuj\u0105 si\u0119 robieniem ca\u0142ej masy fantastycznych rzeczy dla mieszka\u0144c\u00f3w Gotham.<\/p><\/blockquote>\n<p>Jako nowy u\u017cytkownik WordPressa powiniene\u015b przej\u015b\u0107 do <a href=\"https:\/\/framex.pl\/wp-admin\/\">swojego kokpitu<\/a>, aby usun\u0105\u0107 t\u0119 stron\u0119 i utworzy\u0107 nowe strony z w\u0142asn\u0105 tre\u015bci\u0105. Baw si\u0119 dobrze!<\/p>\n","protected":false},"excerpt":{"rendered":"<p>To jest przyk\u0142adowa strona. Strony s\u0105 inne ni\u017c wpisy na blogu, poniewa\u017c nie tylko znajduj\u0105 si\u0119 zawsze w jednym miejscu, ale tak\u017ce pojawiaj\u0105 si\u0119 w menu witryny (w wi\u0119kszo\u015bci motyw\u00f3w). Wi\u0119kszo\u015b\u0107 u\u017cytkownik\u00f3w umieszcza na swoich witrynach stron\u0119 z informacjami o sobie, dzi\u0119ki kt\u00f3rym przedstawiaj\u0105 si\u0119 odwiedzaj\u0105cym ich witryn\u0119. Taka strona mo\u017ce zawiera\u0107 na przyk\u0142ad taki [&hellip;]<\/p>\n","protected":false},"author":3,"featured_media":0,"parent":0,"menu_order":0,"comment_status":"closed","ping_status":"closed","template":"page-from-blocks.php","meta":{"_acf_changed":false,"inline_featured_image":false,"footnotes":""},"acf":[],"yoast_head":"<!-- This site is optimized with the Yoast SEO plugin v23.0 - https:\/\/yoast.com\/wordpress\/plugins\/seo\/ -->\n<title>die Fenster und die T\u00fcren Stettin - 26 Jahre Erfahrung &#171; Framex<\/title>\n<meta name=\"description\" content=\"Okna PCV i Drzwi prosto od \u27a8 Producenta \u27a8 bez po\u015brednik\u00f3w! Produkcjemy i montujemy okna od 26 lat. Um\u00f3w wycen\u0119 i pomiar \u260e +48 91 469 14 66. Jeste\u015bmy liderem w woj. zachodniopomorskim.\" \/>\n<meta name=\"robots\" content=\"index, follow, max-snippet:-1, max-image-preview:large, max-video-preview:-1\" \/>\n<link rel=\"canonical\" href=\"https:\/\/www.framex.pl\/de\/\" \/>\n<meta property=\"og:locale\" content=\"de_DE\" \/>\n<meta property=\"og:type\" content=\"article\" \/>\n<meta property=\"og:title\" content=\"die Fenster und die T\u00fcren Stettin - 26 Jahre Erfahrung &#171; Framex\" \/>\n<meta property=\"og:description\" content=\"Okna PCV i Drzwi prosto od \u27a8 Producenta \u27a8 bez po\u015brednik\u00f3w! Produkcjemy i montujemy okna od 26 lat. Um\u00f3w wycen\u0119 i pomiar \u260e +48 91 469 14 66. Jeste\u015bmy liderem w woj. zachodniopomorskim.\" \/>\n<meta property=\"og:url\" content=\"https:\/\/www.framex.pl\/de\/\" \/>\n<meta property=\"og:site_name\" content=\"Framex\" \/>\n<meta property=\"article:modified_time\" content=\"2026-02-13T09:23:30+00:00\" \/>\n<meta property=\"og:image\" content=\"https:\/\/www.framex.pl\/wp-content\/uploads\/2026\/01\/Framex-2026-FB-Cover.png\" \/>\n\t<meta property=\"og:image:width\" content=\"1640\" \/>\n\t<meta property=\"og:image:height\" content=\"720\" \/>\n\t<meta property=\"og:image:type\" content=\"image\/png\" \/>\n<meta name=\"twitter:card\" content=\"summary_large_image\" \/>\n<meta name=\"twitter:label1\" content=\"Est. reading time\" \/>\n\t<meta name=\"twitter:data1\" content=\"1 minute\" \/>\n<script type=\"application\/ld+json\" class=\"yoast-schema-graph\">{\"@context\":\"https:\/\/schema.org\",\"@graph\":[{\"@type\":\"WebPage\",\"@id\":\"https:\/\/www.framex.pl\/de\/\",\"url\":\"https:\/\/www.framex.pl\/de\/\",\"name\":\"die Fenster und die T\u00fcren Stettin - 26 Jahre Erfahrung &#171; Framex\",\"isPartOf\":{\"@id\":\"https:\/\/www.framex.pl\/#website\"},\"datePublished\":\"2018-02-19T09:20:25+00:00\",\"dateModified\":\"2026-02-13T09:23:30+00:00\",\"description\":\"Okna PCV i Drzwi prosto od \u27a8 Producenta \u27a8 bez po\u015brednik\u00f3w! Produkcjemy i montujemy okna od 26 lat. Um\u00f3w wycen\u0119 i pomiar \u260e +48 91 469 14 66. Jeste\u015bmy liderem w woj. zachodniopomorskim.\",\"breadcrumb\":{\"@id\":\"https:\/\/www.framex.pl\/de\/#breadcrumb\"},\"inLanguage\":\"de-DE\",\"potentialAction\":[{\"@type\":\"ReadAction\",\"target\":[\"https:\/\/www.framex.pl\/de\/\"]}]},{\"@type\":\"BreadcrumbList\",\"@id\":\"https:\/\/www.framex.pl\/de\/#breadcrumb\",\"itemListElement\":[{\"@type\":\"ListItem\",\"position\":1,\"name\":\"Strona G\u0142\u00f3wna\",\"item\":\"https:\/\/www.framex.pl\/de\/\"},{\"@type\":\"ListItem\",\"position\":2,\"name\":\"die Fenster und die T\u00fcren Stettin &#8211; 26 Jahre Erfahrung\"}]},{\"@type\":\"WebSite\",\"@id\":\"https:\/\/www.framex.pl\/#website\",\"url\":\"https:\/\/www.framex.pl\/\",\"name\":\"Framex\",\"description\":\"Okna i Drzwi z PCV oraz Aluminium prosto od Producenta - bez po\u015brednik\u00f3w! Zajmujemy si\u0119 produkcj\u0105 i monta\u017cem okien od 26 lat. Jeste\u015bmy liderem w woj. zachodniopomorskim.  W ofercie znajdziesz wysokiej klasy okna PCV PCW z fachow\u0105 us\u0142ug\u0105 monta\u017cu. Sprawd\u017a nasz\u0105 ofert\u0119. Salony sprzeda\u017cy w Szczecinie, Stargardzie i Morzyczynie. Przyjd\u017a i sprawd\u017a.\",\"publisher\":{\"@id\":\"https:\/\/www.framex.pl\/#organization\"},\"inLanguage\":\"de-DE\"},{\"@type\":\"Organization\",\"@id\":\"https:\/\/www.framex.pl\/#organization\",\"name\":\"Framex Producent Okien\",\"url\":\"https:\/\/www.framex.pl\/\",\"logo\":{\"@type\":\"ImageObject\",\"inLanguage\":\"de-DE\",\"@id\":\"https:\/\/www.framex.pl\/#\/schema\/logo\/image\/\",\"url\":\"https:\/\/www.framex.pl\/wp-content\/uploads\/2026\/01\/Framex-2026-FB-logo-v3.png\",\"contentUrl\":\"https:\/\/www.framex.pl\/wp-content\/uploads\/2026\/01\/Framex-2026-FB-logo-v3.png\",\"width\":1080,\"height\":1080,\"caption\":\"Framex Producent Okien\"},\"image\":{\"@id\":\"https:\/\/www.framex.pl\/#\/schema\/logo\/image\/\"}}]}<\/script>\n<!-- \/ Yoast SEO plugin. -->","yoast_head_json":{"title":"die Fenster und die T\u00fcren Stettin - 26 Jahre Erfahrung &#171; Framex","description":"Okna PCV i Drzwi prosto od \u27a8 Producenta \u27a8 bez po\u015brednik\u00f3w! Produkcjemy i montujemy okna od 26 lat. Um\u00f3w wycen\u0119 i pomiar \u260e +48 91 469 14 66. Jeste\u015bmy liderem w woj. zachodniopomorskim.","robots":{"index":"index","follow":"follow","max-snippet":"max-snippet:-1","max-image-preview":"max-image-preview:large","max-video-preview":"max-video-preview:-1"},"canonical":"https:\/\/www.framex.pl\/de\/","og_locale":"de_DE","og_type":"article","og_title":"die Fenster und die T\u00fcren Stettin - 26 Jahre Erfahrung &#171; Framex","og_description":"Okna PCV i Drzwi prosto od \u27a8 Producenta \u27a8 bez po\u015brednik\u00f3w! Produkcjemy i montujemy okna od 26 lat. Um\u00f3w wycen\u0119 i pomiar \u260e +48 91 469 14 66. Jeste\u015bmy liderem w woj. zachodniopomorskim.","og_url":"https:\/\/www.framex.pl\/de\/","og_site_name":"Framex","article_modified_time":"2026-02-13T09:23:30+00:00","og_image":[{"width":1640,"height":720,"url":"https:\/\/www.framex.pl\/wp-content\/uploads\/2026\/01\/Framex-2026-FB-Cover.png","type":"image\/png"}],"twitter_card":"summary_large_image","twitter_misc":{"Est. reading time":"1 minute"},"schema":{"@context":"https:\/\/schema.org","@graph":[{"@type":"WebPage","@id":"https:\/\/www.framex.pl\/de\/","url":"https:\/\/www.framex.pl\/de\/","name":"die Fenster und die T\u00fcren Stettin - 26 Jahre Erfahrung &#171; Framex","isPartOf":{"@id":"https:\/\/www.framex.pl\/#website"},"datePublished":"2018-02-19T09:20:25+00:00","dateModified":"2026-02-13T09:23:30+00:00","description":"Okna PCV i Drzwi prosto od \u27a8 Producenta \u27a8 bez po\u015brednik\u00f3w! Produkcjemy i montujemy okna od 26 lat. Um\u00f3w wycen\u0119 i pomiar \u260e +48 91 469 14 66. Jeste\u015bmy liderem w woj. zachodniopomorskim.","breadcrumb":{"@id":"https:\/\/www.framex.pl\/de\/#breadcrumb"},"inLanguage":"de-DE","potentialAction":[{"@type":"ReadAction","target":["https:\/\/www.framex.pl\/de\/"]}]},{"@type":"BreadcrumbList","@id":"https:\/\/www.framex.pl\/de\/#breadcrumb","itemListElement":[{"@type":"ListItem","position":1,"name":"Strona G\u0142\u00f3wna","item":"https:\/\/www.framex.pl\/de\/"},{"@type":"ListItem","position":2,"name":"die Fenster und die T\u00fcren Stettin &#8211; 26 Jahre Erfahrung"}]},{"@type":"WebSite","@id":"https:\/\/www.framex.pl\/#website","url":"https:\/\/www.framex.pl\/","name":"Framex","description":"Okna i Drzwi z PCV oraz Aluminium prosto od Producenta - bez po\u015brednik\u00f3w! Zajmujemy si\u0119 produkcj\u0105 i monta\u017cem okien od 26 lat. Jeste\u015bmy liderem w woj. zachodniopomorskim.  W ofercie znajdziesz wysokiej klasy okna PCV PCW z fachow\u0105 us\u0142ug\u0105 monta\u017cu. Sprawd\u017a nasz\u0105 ofert\u0119. Salony sprzeda\u017cy w Szczecinie, Stargardzie i Morzyczynie. Przyjd\u017a i sprawd\u017a.","publisher":{"@id":"https:\/\/www.framex.pl\/#organization"},"inLanguage":"de-DE"},{"@type":"Organization","@id":"https:\/\/www.framex.pl\/#organization","name":"Framex Producent Okien","url":"https:\/\/www.framex.pl\/","logo":{"@type":"ImageObject","inLanguage":"de-DE","@id":"https:\/\/www.framex.pl\/#\/schema\/logo\/image\/","url":"https:\/\/www.framex.pl\/wp-content\/uploads\/2026\/01\/Framex-2026-FB-logo-v3.png","contentUrl":"https:\/\/www.framex.pl\/wp-content\/uploads\/2026\/01\/Framex-2026-FB-logo-v3.png","width":1080,"height":1080,"caption":"Framex Producent Okien"},"image":{"@id":"https:\/\/www.framex.pl\/#\/schema\/logo\/image\/"}}]}},"_links":{"self":[{"href":"https:\/\/www.framex.pl\/de\/wp-json\/wp\/v2\/pages\/1509"}],"collection":[{"href":"https:\/\/www.framex.pl\/de\/wp-json\/wp\/v2\/pages"}],"about":[{"href":"https:\/\/www.framex.pl\/de\/wp-json\/wp\/v2\/types\/page"}],"author":[{"embeddable":true,"href":"https:\/\/www.framex.pl\/de\/wp-json\/wp\/v2\/users\/3"}],"replies":[{"embeddable":true,"href":"https:\/\/www.framex.pl\/de\/wp-json\/wp\/v2\/comments?post=1509"}],"version-history":[{"count":9,"href":"https:\/\/www.framex.pl\/de\/wp-json\/wp\/v2\/pages\/1509\/revisions"}],"predecessor-version":[{"id":10461,"href":"https:\/\/www.framex.pl\/de\/wp-json\/wp\/v2\/pages\/1509\/revisions\/10461"}],"wp:attachment":[{"href":"https:\/\/www.framex.pl\/de\/wp-json\/wp\/v2\/media?parent=1509"}],"curies":[{"name":"wp","href":"https:\/\/api.w.org\/{rel}","templated":true}]}}